{"id":11,"date":"2025-03-19T14:23:44","date_gmt":"2025-03-19T13:23:44","guid":{"rendered":"https:\/\/robin-husband.com\/?page_id=11"},"modified":"2025-08-01T10:49:10","modified_gmt":"2025-08-01T08:49:10","slug":"accueil","status":"publish","type":"page","link":"https:\/\/robin-husband.com\/en\/","title":{"rendered":"HOME"},"content":{"rendered":"<style>.kb-gallery-id-11_de57e7-b5 .kadence-blocks-gallery-item .kb-gal-image-radius, .kb-gallery-id-11_de57e7-b5 .kb-slide-item .kb-gal-image-radius img{border-radius:0px 0px 0px 0px;;}.kb-gallery-wrap-id-11_de57e7-b5.wp-block-kadence-advancedgallery{overflow:visible;}.kb-gallery-wrap-id-11_de57e7-b5.wp-block-kadence-advancedgallery .kt-blocks-carousel{overflow:visible;}<\/style><div class=\"kb-gallery-wrap-id-11_de57e7-b5 alignnone wp-block-kadence-advancedgallery\"><div class=\"kb-gallery-ul kb-gallery-non-static kb-gallery-type-slider kb-gallery-id-11_de57e7-b5 kb-gallery-caption-style-bottom-hover kb-gallery-filter-none\" data-image-filter=\"none\" data-lightbox-caption=\"true\"><div class=\"kt-blocks-carousel splide kt-carousel-container-dotstyle-dark kt-carousel-arrowstyle-whiteondark kt-carousel-dotstyle-dark kb-slider-group-arrow kb-slider-arrow-position-center\" data-slider-anim-speed=\"1000\" data-slider-scroll=\"1\" data-slider-arrows=\"true\" data-slider-fade=\"false\" data-slider-dots=\"true\" data-slider-type=\"slider\" data-slider-hover-pause=\"false\" data-slider-auto=\"1\" data-slider-speed=\"5610\" data-show-pause-button=\"false\"><div class=\"splide__track\"><ul class=\"kt-blocks-carousel-init kb-blocks-slider splide__list\"><li class=\"kb-slide-item kb-gallery-slide-item splide__slide\"><div class=\"kadence-blocks-gallery-item\"><div class=\"kadence-blocks-gallery-item-inner\"><figure class=\"kb-gallery-figure kadence-blocks-gallery-item-hide-caption\"><div class=\"kb-gal-image-radius\"><div class=\"kb-gallery-image-contain kadence-blocks-gallery-intrinsic kb-gallery-image-ratio-land21 kb-has-image-ratio-land21\" ><img loading=\"lazy\" decoding=\"async\" src=\"https:\/\/robin-husband.com\/wp-content\/uploads\/2025\/03\/singe_rouge_slide.jpg\" width=\"2000\" height=\"1218\" alt=\"Opera flute enchantee masque\" data-full-image=\"https:\/\/robin-husband.com\/wp-content\/uploads\/2025\/03\/singe_rouge_slide.jpg\" data-light-image=\"https:\/\/robin-husband.com\/wp-content\/uploads\/2025\/03\/singe_rouge_slide.jpg\" data-id=\"12\" class=\"wp-image-12 skip-lazy\" srcset=\"https:\/\/robin-husband.com\/wp-content\/uploads\/2025\/03\/singe_rouge_slide.jpg 2000w, https:\/\/robin-husband.com\/wp-content\/uploads\/2025\/03\/singe_rouge_slide-600x365.jpg 600w, https:\/\/robin-husband.com\/wp-content\/uploads\/2025\/03\/singe_rouge_slide-768x468.jpg 768w, https:\/\/robin-husband.com\/wp-content\/uploads\/2025\/03\/singe_rouge_slide-1536x935.jpg 1536w\" sizes=\"auto, (max-width: 2000px) 100vw, 2000px\" \/><\/div><\/div><\/figure><\/div><\/div><\/li><li class=\"kb-slide-item kb-gallery-slide-item splide__slide\"><div class=\"kadence-blocks-gallery-item\"><div class=\"kadence-blocks-gallery-item-inner\"><figure class=\"kb-gallery-figure kadence-blocks-gallery-item-hide-caption\"><div class=\"kb-gal-image-radius\"><div class=\"kb-gallery-image-contain kadence-blocks-gallery-intrinsic kb-gallery-image-ratio-land21 kb-has-image-ratio-land21\" ><img loading=\"lazy\" decoding=\"async\" src=\"https:\/\/robin-husband.com\/wp-content\/uploads\/2025\/03\/image_SLIDE.jpg\" width=\"2000\" height=\"1218\" alt=\"\" data-full-image=\"https:\/\/robin-husband.com\/wp-content\/uploads\/2025\/03\/image_SLIDE.jpg\" data-light-image=\"https:\/\/robin-husband.com\/wp-content\/uploads\/2025\/03\/image_SLIDE.jpg\" data-id=\"13\" class=\"wp-image-13 skip-lazy\" srcset=\"https:\/\/robin-husband.com\/wp-content\/uploads\/2025\/03\/image_SLIDE.jpg 2000w, https:\/\/robin-husband.com\/wp-content\/uploads\/2025\/03\/image_SLIDE-600x365.jpg 600w, https:\/\/robin-husband.com\/wp-content\/uploads\/2025\/03\/image_SLIDE-768x468.jpg 768w, https:\/\/robin-husband.com\/wp-content\/uploads\/2025\/03\/image_SLIDE-1536x935.jpg 1536w\" sizes=\"auto, (max-width: 2000px) 100vw, 2000px\" \/><\/div><\/div><\/figure><\/div><\/div><\/li><li class=\"kb-slide-item kb-gallery-slide-item splide__slide\"><div class=\"kadence-blocks-gallery-item\"><div class=\"kadence-blocks-gallery-item-inner\"><figure class=\"kb-gallery-figure kadence-blocks-gallery-item-hide-caption\"><div class=\"kb-gal-image-radius\"><div class=\"kb-gallery-image-contain kadence-blocks-gallery-intrinsic kb-gallery-image-ratio-land21 kb-has-image-ratio-land21\" ><img loading=\"lazy\" decoding=\"async\" src=\"https:\/\/robin-husband.com\/wp-content\/uploads\/2025\/03\/oiseaux_de_feu_slide.jpg\" width=\"2000\" height=\"1218\" alt=\"\" data-full-image=\"https:\/\/robin-husband.com\/wp-content\/uploads\/2025\/03\/oiseaux_de_feu_slide.jpg\" data-light-image=\"https:\/\/robin-husband.com\/wp-content\/uploads\/2025\/03\/oiseaux_de_feu_slide.jpg\" data-id=\"26\" class=\"wp-image-26 skip-lazy\"\/><\/div><\/div><\/figure><\/div><\/div><\/li><li class=\"kb-slide-item kb-gallery-slide-item splide__slide\"><div class=\"kadence-blocks-gallery-item\"><div class=\"kadence-blocks-gallery-item-inner\"><figure class=\"kb-gallery-figure kadence-blocks-gallery-item-hide-caption\"><div class=\"kb-gal-image-radius\"><div class=\"kb-gallery-image-contain kadence-blocks-gallery-intrinsic kb-gallery-image-ratio-land21 kb-has-image-ratio-land21\" ><img loading=\"lazy\" decoding=\"async\" src=\"https:\/\/robin-husband.com\/wp-content\/uploads\/2025\/04\/cabaret_slide2.jpg\" width=\"2000\" height=\"1218\" alt=\"\" data-full-image=\"https:\/\/robin-husband.com\/wp-content\/uploads\/2025\/04\/cabaret_slide2.jpg\" data-light-image=\"https:\/\/robin-husband.com\/wp-content\/uploads\/2025\/04\/cabaret_slide2.jpg\" data-id=\"959\" class=\"wp-image-959 skip-lazy\" srcset=\"https:\/\/robin-husband.com\/wp-content\/uploads\/2025\/04\/cabaret_slide2.jpg 2000w, https:\/\/robin-husband.com\/wp-content\/uploads\/2025\/04\/cabaret_slide2-600x365.jpg 600w, https:\/\/robin-husband.com\/wp-content\/uploads\/2025\/04\/cabaret_slide2-768x468.jpg 768w, https:\/\/robin-husband.com\/wp-content\/uploads\/2025\/04\/cabaret_slide2-1536x935.jpg 1536w, https:\/\/robin-husband.com\/wp-content\/uploads\/2025\/04\/cabaret_slide2-18x12.jpg 18w\" sizes=\"auto, (max-width: 2000px) 100vw, 2000px\" \/><\/div><\/div><\/figure><\/div><\/div><\/li><li class=\"kb-slide-item kb-gallery-slide-item splide__slide\"><div class=\"kadence-blocks-gallery-item\"><div class=\"kadence-blocks-gallery-item-inner\"><figure class=\"kb-gallery-figure kadence-blocks-gallery-item-hide-caption\"><div class=\"kb-gal-image-radius\"><div class=\"kb-gallery-image-contain kadence-blocks-gallery-intrinsic kb-gallery-image-ratio-land21 kb-has-image-ratio-land21\" ><img loading=\"lazy\" decoding=\"async\" src=\"https:\/\/robin-husband.com\/wp-content\/uploads\/2025\/04\/IMG_0129-2048x1366.jpg\" width=\"1290\" height=\"860\" alt=\"\" data-full-image=\"https:\/\/robin-husband.com\/wp-content\/uploads\/2025\/04\/IMG_0129-scaled.jpg\" data-light-image=\"https:\/\/robin-husband.com\/wp-content\/uploads\/2025\/04\/IMG_0129-scaled.jpg\" data-id=\"1008\" class=\"wp-image-1008 skip-lazy\" srcset=\"https:\/\/robin-husband.com\/wp-content\/uploads\/2025\/04\/IMG_0129-2048x1366.jpg 2048w, https:\/\/robin-husband.com\/wp-content\/uploads\/2025\/04\/IMG_0129-600x400.jpg 600w, https:\/\/robin-husband.com\/wp-content\/uploads\/2025\/04\/IMG_0129-768x512.jpg 768w, https:\/\/robin-husband.com\/wp-content\/uploads\/2025\/04\/IMG_0129-1536x1025.jpg 1536w, https:\/\/robin-husband.com\/wp-content\/uploads\/2025\/04\/IMG_0129-18x12.jpg 18w\" sizes=\"auto, (max-width: 1290px) 100vw, 1290px\" \/><\/div><\/div><\/figure><\/div><\/div><\/li><li class=\"kb-slide-item kb-gallery-slide-item splide__slide\"><div class=\"kadence-blocks-gallery-item\"><div class=\"kadence-blocks-gallery-item-inner\"><figure class=\"kb-gallery-figure kadence-blocks-gallery-item-hide-caption\"><div class=\"kb-gal-image-radius\"><div class=\"kb-gallery-image-contain kadence-blocks-gallery-intrinsic kb-gallery-image-ratio-land21 kb-has-image-ratio-land21\" ><img loading=\"lazy\" decoding=\"async\" src=\"https:\/\/robin-husband.com\/wp-content\/uploads\/2025\/04\/Chapeau-de-paille-3shpd-2048x1346.jpg\" width=\"1290\" height=\"848\" alt=\"\" data-full-image=\"https:\/\/robin-husband.com\/wp-content\/uploads\/2025\/04\/Chapeau-de-paille-3shpd-scaled.jpg\" data-light-image=\"https:\/\/robin-husband.com\/wp-content\/uploads\/2025\/04\/Chapeau-de-paille-3shpd-scaled.jpg\" data-id=\"1114\" class=\"wp-image-1114 skip-lazy\" srcset=\"https:\/\/robin-husband.com\/wp-content\/uploads\/2025\/04\/Chapeau-de-paille-3shpd-2048x1346.jpg 2048w, https:\/\/robin-husband.com\/wp-content\/uploads\/2025\/04\/Chapeau-de-paille-3shpd-600x394.jpg 600w, https:\/\/robin-husband.com\/wp-content\/uploads\/2025\/04\/Chapeau-de-paille-3shpd-768x505.jpg 768w, https:\/\/robin-husband.com\/wp-content\/uploads\/2025\/04\/Chapeau-de-paille-3shpd-1536x1010.jpg 1536w, https:\/\/robin-husband.com\/wp-content\/uploads\/2025\/04\/Chapeau-de-paille-3shpd-18x12.jpg 18w\" sizes=\"auto, (max-width: 1290px) 100vw, 1290px\" \/><\/div><\/div><\/figure><\/div><\/div><\/li><li class=\"kb-slide-item kb-gallery-slide-item splide__slide\"><div class=\"kadence-blocks-gallery-item\"><div class=\"kadence-blocks-gallery-item-inner\"><figure class=\"kb-gallery-figure kadence-blocks-gallery-item-hide-caption\"><div class=\"kb-gal-image-radius\"><div class=\"kb-gallery-image-contain kadence-blocks-gallery-intrinsic kb-gallery-image-ratio-land21 kb-has-image-ratio-land21\" ><img loading=\"lazy\" decoding=\"async\" src=\"https:\/\/robin-husband.com\/wp-content\/uploads\/2025\/04\/cabaret_slide.jpg\" width=\"2000\" height=\"1218\" alt=\"\" data-full-image=\"https:\/\/robin-husband.com\/wp-content\/uploads\/2025\/04\/cabaret_slide.jpg\" data-light-image=\"https:\/\/robin-husband.com\/wp-content\/uploads\/2025\/04\/cabaret_slide.jpg\" data-id=\"919\" class=\"wp-image-919 skip-lazy\" srcset=\"https:\/\/robin-husband.com\/wp-content\/uploads\/2025\/04\/cabaret_slide.jpg 2000w, https:\/\/robin-husband.com\/wp-content\/uploads\/2025\/04\/cabaret_slide-600x365.jpg 600w, https:\/\/robin-husband.com\/wp-content\/uploads\/2025\/04\/cabaret_slide-768x468.jpg 768w, https:\/\/robin-husband.com\/wp-content\/uploads\/2025\/04\/cabaret_slide-1536x935.jpg 1536w, https:\/\/robin-husband.com\/wp-content\/uploads\/2025\/04\/cabaret_slide-18x12.jpg 18w\" sizes=\"auto, (max-width: 2000px) 100vw, 2000px\" \/><\/div><\/div><\/figure><\/div><\/div><\/li><\/ul><\/div><\/div><\/div><\/div>\n\n\n<p><\/p>","protected":false},"excerpt":{"rendered":"","protected":false},"author":1,"featured_media":0,"parent":0,"menu_order":0,"comment_status":"closed","ping_status":"closed","template":"","meta":{"_kadence_starter_templates_imported_post":false,"_kad_post_transparent":"","_kad_post_title":"hide","_kad_post_layout":"fullwidth","_kad_post_sidebar_id":"","_kad_post_content_style":"unboxed","_kad_post_vertical_padding":"default","_kad_post_feature":"","_kad_post_feature_position":"","_kad_post_header":false,"_kad_post_footer":false,"_kad_post_classname":"","footnotes":""},"class_list":["post-11","page","type-page","status-publish","hentry"],"yoast_head":"<!-- This site is optimized with the Yoast SEO plugin v27.1.1 - https:\/\/yoast.com\/product\/yoast-seo-wordpress\/ -->\n<title>R\u00e9alisateur de chapeaux, coiffes, masques &amp; accessoires de sc\u00e8ne<\/title>\n<meta name=\"description\" content=\"D\u00e9couvrez le travail de Robin, intermittent \u00e0 l\u2019accessoire de costume, et assistant sc\u00e9nographe pour le spectacle vivant.\" \/>\n<meta name=\"robots\" content=\"index, follow, max-snippet:-1, max-image-preview:large, max-video-preview:-1\" \/>\n<link rel=\"canonical\" href=\"https:\/\/robin-husband.com\/en\/\" \/>\n<meta property=\"og:locale\" content=\"en_GB\" \/>\n<meta property=\"og:type\" content=\"article\" \/>\n<meta property=\"og:title\" content=\"R\u00e9alisateur de chapeaux, coiffes, masques &amp; accessoires de sc\u00e8ne\" \/>\n<meta property=\"og:description\" content=\"D\u00e9couvrez le travail de Robin, intermittent \u00e0 l\u2019accessoire de costume, et assistant sc\u00e9nographe pour le spectacle vivant.\" \/>\n<meta property=\"og:url\" content=\"https:\/\/robin-husband.com\/en\/\" \/>\n<meta property=\"og:site_name\" content=\"Robin Husband\" \/>\n<meta property=\"article:modified_time\" content=\"2025-08-01T08:49:10+00:00\" \/>\n<meta property=\"og:image\" content=\"https:\/\/robin-husband.com\/wp-content\/uploads\/2025\/07\/ecran_site.jpg\" \/>\n\t<meta property=\"og:image:width\" content=\"1200\" \/>\n\t<meta property=\"og:image:height\" content=\"675\" \/>\n\t<meta property=\"og:image:type\" content=\"image\/jpeg\" \/>\n<meta name=\"twitter:card\" content=\"summary_large_image\" \/>\n<script type=\"application\/ld+json\" class=\"yoast-schema-graph\">{\"@context\":\"https:\/\/schema.org\",\"@graph\":[{\"@type\":\"WebPage\",\"@id\":\"https:\/\/robin-husband.com\/\",\"url\":\"https:\/\/robin-husband.com\/\",\"name\":\"R\u00e9alisateur de chapeaux, coiffes, masques & accessoires de sc\u00e8ne\",\"isPartOf\":{\"@id\":\"https:\/\/robin-husband.com\/#website\"},\"datePublished\":\"2025-03-19T13:23:44+00:00\",\"dateModified\":\"2025-08-01T08:49:10+00:00\",\"description\":\"D\u00e9couvrez le travail de Robin, intermittent \u00e0 l\u2019accessoire de costume, et assistant sc\u00e9nographe pour le spectacle vivant.\",\"breadcrumb\":{\"@id\":\"https:\/\/robin-husband.com\/#breadcrumb\"},\"inLanguage\":\"en-GB\",\"potentialAction\":[{\"@type\":\"ReadAction\",\"target\":[\"https:\/\/robin-husband.com\/\"]}]},{\"@type\":\"BreadcrumbList\",\"@id\":\"https:\/\/robin-husband.com\/#breadcrumb\",\"itemListElement\":[{\"@type\":\"ListItem\",\"position\":1,\"name\":\"Accueil\",\"item\":\"https:\/\/robin-husband.com\/\"},{\"@type\":\"ListItem\",\"position\":2,\"name\":\"ACCUEIL\"}]},{\"@type\":\"WebSite\",\"@id\":\"https:\/\/robin-husband.com\/#website\",\"url\":\"https:\/\/robin-husband.com\/\",\"name\":\"Robin Husband\",\"description\":\"CHAPEAUX + COIFFES + MASQUES + ACCESSOIRES POUR LA SCENE\",\"publisher\":{\"@id\":\"https:\/\/robin-husband.com\/#\/schema\/person\/fafe52083000d8a1d19e7804a718571b\"},\"potentialAction\":[{\"@type\":\"SearchAction\",\"target\":{\"@type\":\"EntryPoint\",\"urlTemplate\":\"https:\/\/robin-husband.com\/?s={search_term_string}\"},\"query-input\":{\"@type\":\"PropertyValueSpecification\",\"valueRequired\":true,\"valueName\":\"search_term_string\"}}],\"inLanguage\":\"en-GB\"},{\"@type\":[\"Person\",\"Organization\"],\"@id\":\"https:\/\/robin-husband.com\/#\/schema\/person\/fafe52083000d8a1d19e7804a718571b\",\"name\":\"Robin Husband\",\"image\":{\"@type\":\"ImageObject\",\"inLanguage\":\"en-GB\",\"@id\":\"https:\/\/robin-husband.com\/#\/schema\/person\/image\/\",\"url\":\"https:\/\/robin-husband.com\/wp-content\/uploads\/2025\/03\/logo5_ok.png\",\"contentUrl\":\"https:\/\/robin-husband.com\/wp-content\/uploads\/2025\/03\/logo5_ok.png\",\"width\":500,\"height\":245,\"caption\":\"Robin Husband\"},\"logo\":{\"@id\":\"https:\/\/robin-husband.com\/#\/schema\/person\/image\/\"},\"sameAs\":[\"https:\/\/robin-husband.com\"]}]}<\/script>\n<!-- \/ Yoast SEO plugin. -->","yoast_head_json":{"title":"R\u00e9alisateur de chapeaux, coiffes, masques & accessoires de sc\u00e8ne","description":"D\u00e9couvrez le travail de Robin, intermittent \u00e0 l\u2019accessoire de costume, et assistant sc\u00e9nographe pour le spectacle vivant.","robots":{"index":"index","follow":"follow","max-snippet":"max-snippet:-1","max-image-preview":"max-image-preview:large","max-video-preview":"max-video-preview:-1"},"canonical":"https:\/\/robin-husband.com\/en\/","og_locale":"en_GB","og_type":"article","og_title":"R\u00e9alisateur de chapeaux, coiffes, masques & accessoires de sc\u00e8ne","og_description":"D\u00e9couvrez le travail de Robin, intermittent \u00e0 l\u2019accessoire de costume, et assistant sc\u00e9nographe pour le spectacle vivant.","og_url":"https:\/\/robin-husband.com\/en\/","og_site_name":"Robin Husband","article_modified_time":"2025-08-01T08:49:10+00:00","og_image":[{"width":1200,"height":675,"url":"https:\/\/robin-husband.com\/wp-content\/uploads\/2025\/07\/ecran_site.jpg","type":"image\/jpeg"}],"twitter_card":"summary_large_image","schema":{"@context":"https:\/\/schema.org","@graph":[{"@type":"WebPage","@id":"https:\/\/robin-husband.com\/","url":"https:\/\/robin-husband.com\/","name":"R\u00e9alisateur de chapeaux, coiffes, masques & accessoires de sc\u00e8ne","isPartOf":{"@id":"https:\/\/robin-husband.com\/#website"},"datePublished":"2025-03-19T13:23:44+00:00","dateModified":"2025-08-01T08:49:10+00:00","description":"D\u00e9couvrez le travail de Robin, intermittent \u00e0 l\u2019accessoire de costume, et assistant sc\u00e9nographe pour le spectacle vivant.","breadcrumb":{"@id":"https:\/\/robin-husband.com\/#breadcrumb"},"inLanguage":"en-GB","potentialAction":[{"@type":"ReadAction","target":["https:\/\/robin-husband.com\/"]}]},{"@type":"BreadcrumbList","@id":"https:\/\/robin-husband.com\/#breadcrumb","itemListElement":[{"@type":"ListItem","position":1,"name":"Accueil","item":"https:\/\/robin-husband.com\/"},{"@type":"ListItem","position":2,"name":"ACCUEIL"}]},{"@type":"WebSite","@id":"https:\/\/robin-husband.com\/#website","url":"https:\/\/robin-husband.com\/","name":"Robin Husband","description":"HATS + HEADDRESS + MASKS + STAGE &amp; COSTUME ACCESSORIES","publisher":{"@id":"https:\/\/robin-husband.com\/#\/schema\/person\/fafe52083000d8a1d19e7804a718571b"},"potentialAction":[{"@type":"SearchAction","target":{"@type":"EntryPoint","urlTemplate":"https:\/\/robin-husband.com\/?s={search_term_string}"},"query-input":{"@type":"PropertyValueSpecification","valueRequired":true,"valueName":"search_term_string"}}],"inLanguage":"en-GB"},{"@type":["Person","Organization"],"@id":"https:\/\/robin-husband.com\/#\/schema\/person\/fafe52083000d8a1d19e7804a718571b","name":"Robin Husband","image":{"@type":"ImageObject","inLanguage":"en-GB","@id":"https:\/\/robin-husband.com\/#\/schema\/person\/image\/","url":"https:\/\/robin-husband.com\/wp-content\/uploads\/2025\/03\/logo5_ok.png","contentUrl":"https:\/\/robin-husband.com\/wp-content\/uploads\/2025\/03\/logo5_ok.png","width":500,"height":245,"caption":"Robin Husband"},"logo":{"@id":"https:\/\/robin-husband.com\/#\/schema\/person\/image\/"},"sameAs":["https:\/\/robin-husband.com"]}]}},"_links":{"self":[{"href":"https:\/\/robin-husband.com\/en\/wp-json\/wp\/v2\/pages\/11","targetHints":{"allow":["GET"]}}],"collection":[{"href":"https:\/\/robin-husband.com\/en\/wp-json\/wp\/v2\/pages"}],"about":[{"href":"https:\/\/robin-husband.com\/en\/wp-json\/wp\/v2\/types\/page"}],"author":[{"embeddable":true,"href":"https:\/\/robin-husband.com\/en\/wp-json\/wp\/v2\/users\/1"}],"replies":[{"embeddable":true,"href":"https:\/\/robin-husband.com\/en\/wp-json\/wp\/v2\/comments?post=11"}],"version-history":[{"count":26,"href":"https:\/\/robin-husband.com\/en\/wp-json\/wp\/v2\/pages\/11\/revisions"}],"predecessor-version":[{"id":1166,"href":"https:\/\/robin-husband.com\/en\/wp-json\/wp\/v2\/pages\/11\/revisions\/1166"}],"wp:attachment":[{"href":"https:\/\/robin-husband.com\/en\/wp-json\/wp\/v2\/media?parent=11"}],"curies":[{"name":"wp","href":"https:\/\/api.w.org\/{rel}","templated":true}]}}