{"id":107,"date":"2025-03-20T12:09:06","date_gmt":"2025-03-20T11:09:06","guid":{"rendered":"https:\/\/robin-husband.com\/?page_id=107"},"modified":"2025-07-29T11:05:25","modified_gmt":"2025-07-29T09:05:25","slug":"mentions-legales","status":"publish","type":"page","link":"https:\/\/robin-husband.com\/en\/mentions-legales\/","title":{"rendered":"Legal notices"},"content":{"rendered":"<h3 class=\"wp-block-heading\">This website is published by :<\/h3>\n\n\n\n<p><em>Robin HUSBAND<\/em><\/p>\n\n\n\n<p>The website address is https:\/\/www.robin-husband.com<br>163 Avenue du G\u00e9n\u00e9ral Leclerc, 35 000 RENNES<br>T\u00e9l. : 02 99 87 29 50<br>E-mail : <a href=\"\/en\/&\/#x6d;a&#x69;&#108;t&#x6f;&#58;&#x63;&#111;m&#x40;&#114;&#x6f;&#98;i&#x6e;&#45;&#x68;&#x75;s&#x62;&#97;n&#x64;&#46;&#x63;&#111;m\" target=\"_blank\" rel=\"noreferrer noopener nofollow\">c&#111;&#109;&#x40;&#x72;&#x6f;bi&#110;&#45;&#x68;&#x75;&#x73;b&#97;&#110;&#100;&#x2e;&#x63;&#x6f;m<\/a><\/p>\n\n\n<style>.wp-block-kadence-spacer.kt-block-spacer-107_131a39-22 .kt-block-spacer{height:30px;}.wp-block-kadence-spacer.kt-block-spacer-107_131a39-22 .kt-divider{border-top-width:1px;height:1px;border-top-color:#eee;width:80%;border-top-style:solid;}<\/style>\n<div class=\"wp-block-kadence-spacer aligncenter kt-block-spacer-107_131a39-22\"><div class=\"kt-block-spacer kt-block-spacer-halign-center\"><hr class=\"kt-divider\"\/><\/div><\/div>\n\n\n<style>.kadence-column107_e43c8b-c5 > .kt-inside-inner-col,.kadence-column107_e43c8b-c5 > .kt-inside-inner-col:before{border-top-left-radius:0px;border-top-right-radius:0px;border-bottom-right-radius:0px;border-bottom-left-radius:0px;}.kadence-column107_e43c8b-c5 > .kt-inside-inner-col{column-gap:var(--global-kb-gap-sm, 1rem);}.kadence-column107_e43c8b-c5 > .kt-inside-inner-col{flex-direction:column;}.kadence-column107_e43c8b-c5 > .kt-inside-inner-col > .aligncenter{width:100%;}.kadence-column107_e43c8b-c5 > .kt-inside-inner-col:before{opacity:0.3;}.kadence-column107_e43c8b-c5{position:relative;}@media all and (max-width: 1024px){.kadence-column107_e43c8b-c5 > .kt-inside-inner-col{flex-direction:column;justify-content:center;}}@media all and (max-width: 767px){.kadence-column107_e43c8b-c5 > .kt-inside-inner-col{flex-direction:column;justify-content:center;}}<\/style>\n<div class=\"wp-block-kadence-column kadence-column107_e43c8b-c5\"><div class=\"kt-inside-inner-col\">\n<p class=\"has-theme-palette-8-background-color has-background translation-block\"><strong><strong>Web hosting :<\/strong><br><\/strong>o2SWITCH<br>222-224 Boulevard Gustave Flaubert<br>63000 Clermont-Ferrand<\/p>\n<\/div><\/div>\n\n\n<style>.wp-block-kadence-spacer.kt-block-spacer-107_8d4ce1-f9 .kt-block-spacer{height:30px;}.wp-block-kadence-spacer.kt-block-spacer-107_8d4ce1-f9 .kt-divider{border-top-width:1px;height:1px;border-top-color:#eee;width:80%;border-top-style:solid;}<\/style>\n<div class=\"wp-block-kadence-spacer aligncenter kt-block-spacer-107_8d4ce1-f9\"><div class=\"kt-block-spacer kt-block-spacer-halign-center\"><hr class=\"kt-divider\"\/><\/div><\/div>\n\n\n<style>.kb-row-layout-id107_cfc096-bf > .kt-row-column-wrap{align-content:start;}:where(.kb-row-layout-id107_cfc096-bf > .kt-row-column-wrap) > .wp-block-kadence-column{justify-content:start;}.kb-row-layout-id107_cfc096-bf > .kt-row-column-wrap{column-gap:var(--global-kb-gap-md, 2rem);row-gap:var(--global-kb-gap-md, 2rem);padding-top:var(--global-kb-spacing-sm, 1.5rem);padding-bottom:var(--global-kb-spacing-sm, 1.5rem);grid-template-columns:minmax(0, 1fr);}.kb-row-layout-id107_cfc096-bf > .kt-row-layout-overlay{opacity:0.30;}@media all and (max-width: 1024px){.kb-row-layout-id107_cfc096-bf > .kt-row-column-wrap{grid-template-columns:minmax(0, 1fr);}}@media all and (max-width: 767px){.kb-row-layout-id107_cfc096-bf > .kt-row-column-wrap{grid-template-columns:minmax(0, 1fr);}}<\/style><div class=\"kb-row-layout-wrap kb-row-layout-id107_cfc096-bf alignnone wp-block-kadence-rowlayout\"><div class=\"kt-row-column-wrap kt-has-1-columns kt-row-layout-equal kt-tab-layout-inherit kt-mobile-layout-row kt-row-valign-top\">\n<style>.kadence-column107_5fe0d7-56 > .kt-inside-inner-col,.kadence-column107_5fe0d7-56 > .kt-inside-inner-col:before{border-top-left-radius:0px;border-top-right-radius:0px;border-bottom-right-radius:0px;border-bottom-left-radius:0px;}.kadence-column107_5fe0d7-56 > .kt-inside-inner-col{column-gap:var(--global-kb-gap-sm, 1rem);}.kadence-column107_5fe0d7-56 > .kt-inside-inner-col{flex-direction:column;}.kadence-column107_5fe0d7-56 > .kt-inside-inner-col > .aligncenter{width:100%;}.kadence-column107_5fe0d7-56 > .kt-inside-inner-col:before{opacity:0.3;}.kadence-column107_5fe0d7-56{position:relative;}@media all and (max-width: 1024px){.kadence-column107_5fe0d7-56 > .kt-inside-inner-col{flex-direction:column;justify-content:center;}}@media all and (max-width: 767px){.kadence-column107_5fe0d7-56 > .kt-inside-inner-col{flex-direction:column;justify-content:center;}}<\/style>\n<div class=\"wp-block-kadence-column kadence-column107_5fe0d7-56\"><div class=\"kt-inside-inner-col\">\n<h3 class=\"wp-block-heading\">Cr\u00e9dits :<\/h3>\n\n\n\n<p class=\"has-theme-palette-7-background-color has-background\">webdesign : Chlo\u00e9 ESTARDIER<br>Web: <a href=\"http:\/\/www.art-penteur.com\" target=\"_blank\" rel=\"noreferrer noopener\">www.art-penteur.com<\/a><br>Photos : Sue ADLER,  Martin ARGYROGLO,  R\u00e9mi BLASQUEZ,  Franck BOISSELIER,  Joceylene CABON,  Alain FONTERAY,  Lisa GUERRIN,  Laurent GUIZARD,  Robin HUSBAND,  Tim NORTHAM,  Johan PERSSON,  Jeff RABILLON. <\/p>\n\n\n\n<p><\/p>\n<\/div><\/div>\n\n<\/div><\/div>\n\n\n<p><\/p>","protected":false},"excerpt":{"rendered":"<p>Ce site internet est \u00e9dit\u00e9 par : Robin HUSBAND L\u2019adresse du site Web est https:\/\/www.robin-husband.com163 Avenue du G\u00e9n\u00e9ral Leclerc, 35 000 RENNEST\u00e9l. : 02 99 87 29 50E-mail : &#x63;&#111;&#x6d;&#64;r&#x6f;&#98;i&#x6e;&#45;&#x68;&#x75;s&#x62;&#97;n&#x64;&#46;&#x63;&#x6f;m H\u00e9bergement :o2SWITCH222-224 Boulevard Gustave Flaubert63000 Clermont-Ferrand Cr\u00e9dits : webdesign : Chlo\u00e9 ESTARDIERWeb: www.art-penteur.comPhotos : Sue ADLER, Martin ARGYROGLO, R\u00e9mi BLASQUEZ, Franck BOISSELIER, Joceylene CABON, Alain&#8230;<\/p>","protected":false},"author":1,"featured_media":0,"parent":0,"menu_order":0,"comment_status":"closed","ping_status":"closed","template":"","meta":{"_kadence_starter_templates_imported_post":false,"_kad_post_transparent":"","_kad_post_title":"","_kad_post_layout":"","_kad_post_sidebar_id":"","_kad_post_content_style":"","_kad_post_vertical_padding":"","_kad_post_feature":"","_kad_post_feature_position":"","_kad_post_header":false,"_kad_post_footer":false,"_kad_post_classname":"","footnotes":""},"class_list":["post-107","page","type-page","status-publish","hentry"],"yoast_head":"<!-- This site is optimized with the Yoast SEO plugin v27.1.1 - https:\/\/yoast.com\/product\/yoast-seo-wordpress\/ -->\n<title>Mentions l\u00e9gales - Robin Husband<\/title>\n<meta name=\"robots\" content=\"noindex, follow\" \/>\n<meta property=\"og:locale\" content=\"en_GB\" \/>\n<meta property=\"og:type\" content=\"article\" \/>\n<meta property=\"og:title\" content=\"Mentions l\u00e9gales - Robin Husband\" \/>\n<meta property=\"og:description\" content=\"Ce site internet est \u00e9dit\u00e9 par : Robin HUSBAND L\u2019adresse du site Web est https:\/\/www.robin-husband.com163 Avenue du G\u00e9n\u00e9ral Leclerc, 35 000 RENNEST\u00e9l. : 02 99 87 29 50E-mail : c&#111;&#x6d;&#x40;r&#111;&#x62;&#x69;n&#045;&#x68;&#x75;s&#098;&#x61;&#x6e;d&#046;&#x63;&#x6f;m H\u00e9bergement :o2SWITCH222-224 Boulevard Gustave Flaubert63000 Clermont-Ferrand Cr\u00e9dits : webdesign : Chlo\u00e9 ESTARDIERWeb: www.art-penteur.comPhotos : Sue ADLER, Martin ARGYROGLO, R\u00e9mi BLASQUEZ, Franck BOISSELIER, Joceylene CABON, Alain...\" \/>\n<meta property=\"og:url\" content=\"https:\/\/robin-husband.com\/en\/mentions-legales\/\" \/>\n<meta property=\"og:site_name\" content=\"Robin Husband\" \/>\n<meta property=\"article:modified_time\" content=\"2025-07-29T09:05:25+00:00\" \/>\n<meta property=\"og:image\" content=\"https:\/\/robin-husband.com\/wp-content\/uploads\/2025\/07\/ecran_site.jpg\" \/>\n\t<meta property=\"og:image:width\" content=\"1200\" \/>\n\t<meta property=\"og:image:height\" content=\"675\" \/>\n\t<meta property=\"og:image:type\" content=\"image\/jpeg\" \/>\n<meta name=\"twitter:card\" content=\"summary_large_image\" \/>\n<meta name=\"twitter:label1\" content=\"Estimated reading time\" \/>\n\t<meta name=\"twitter:data1\" content=\"1 minute\" \/>\n<script type=\"application\/ld+json\" class=\"yoast-schema-graph\">{\"@context\":\"https:\/\/schema.org\",\"@graph\":[{\"@type\":\"WebPage\",\"@id\":\"https:\/\/robin-husband.com\/mentions-legales\/\",\"url\":\"https:\/\/robin-husband.com\/mentions-legales\/\",\"name\":\"Mentions l\u00e9gales - Robin Husband\",\"isPartOf\":{\"@id\":\"https:\/\/robin-husband.com\/#website\"},\"datePublished\":\"2025-03-20T11:09:06+00:00\",\"dateModified\":\"2025-07-29T09:05:25+00:00\",\"breadcrumb\":{\"@id\":\"https:\/\/robin-husband.com\/mentions-legales\/#breadcrumb\"},\"inLanguage\":\"en-GB\",\"potentialAction\":[{\"@type\":\"ReadAction\",\"target\":[\"https:\/\/robin-husband.com\/mentions-legales\/\"]}]},{\"@type\":\"BreadcrumbList\",\"@id\":\"https:\/\/robin-husband.com\/mentions-legales\/#breadcrumb\",\"itemListElement\":[{\"@type\":\"ListItem\",\"position\":1,\"name\":\"Accueil\",\"item\":\"https:\/\/robin-husband.com\/\"},{\"@type\":\"ListItem\",\"position\":2,\"name\":\"Mentions l\u00e9gales\"}]},{\"@type\":\"WebSite\",\"@id\":\"https:\/\/robin-husband.com\/#website\",\"url\":\"https:\/\/robin-husband.com\/\",\"name\":\"Robin Husband\",\"description\":\"CHAPEAUX + COIFFES + MASQUES + ACCESSOIRES POUR LA SCENE\",\"publisher\":{\"@id\":\"https:\/\/robin-husband.com\/#\/schema\/person\/fafe52083000d8a1d19e7804a718571b\"},\"potentialAction\":[{\"@type\":\"SearchAction\",\"target\":{\"@type\":\"EntryPoint\",\"urlTemplate\":\"https:\/\/robin-husband.com\/?s={search_term_string}\"},\"query-input\":{\"@type\":\"PropertyValueSpecification\",\"valueRequired\":true,\"valueName\":\"search_term_string\"}}],\"inLanguage\":\"en-GB\"},{\"@type\":[\"Person\",\"Organization\"],\"@id\":\"https:\/\/robin-husband.com\/#\/schema\/person\/fafe52083000d8a1d19e7804a718571b\",\"name\":\"Robin Husband\",\"image\":{\"@type\":\"ImageObject\",\"inLanguage\":\"en-GB\",\"@id\":\"https:\/\/robin-husband.com\/#\/schema\/person\/image\/\",\"url\":\"https:\/\/robin-husband.com\/wp-content\/uploads\/2025\/03\/logo5_ok.png\",\"contentUrl\":\"https:\/\/robin-husband.com\/wp-content\/uploads\/2025\/03\/logo5_ok.png\",\"width\":500,\"height\":245,\"caption\":\"Robin Husband\"},\"logo\":{\"@id\":\"https:\/\/robin-husband.com\/#\/schema\/person\/image\/\"},\"sameAs\":[\"https:\/\/robin-husband.com\"]}]}<\/script>\n<!-- \/ Yoast SEO plugin. -->","yoast_head_json":{"title":"Mentions l\u00e9gales - Robin Husband","robots":{"index":"noindex","follow":"follow"},"og_locale":"en_GB","og_type":"article","og_title":"Mentions l\u00e9gales - Robin Husband","og_description":"Ce site internet est \u00e9dit\u00e9 par : Robin HUSBAND L\u2019adresse du site Web est https:\/\/www.robin-husband.com163 Avenue du G\u00e9n\u00e9ral Leclerc, 35 000 RENNEST\u00e9l. : 02 99 87 29 50E-mail : c&#111;&#x6d;&#x40;r&#111;&#x62;&#x69;n&#45;&#x68;&#x75;s&#98;&#x61;&#x6e;d&#46;&#x63;&#x6f;m H\u00e9bergement :o2SWITCH222-224 Boulevard Gustave Flaubert63000 Clermont-Ferrand Cr\u00e9dits : webdesign : Chlo\u00e9 ESTARDIERWeb: www.art-penteur.comPhotos : Sue ADLER, Martin ARGYROGLO, R\u00e9mi BLASQUEZ, Franck BOISSELIER, Joceylene CABON, Alain...","og_url":"https:\/\/robin-husband.com\/en\/mentions-legales\/","og_site_name":"Robin Husband","article_modified_time":"2025-07-29T09:05:25+00:00","og_image":[{"width":1200,"height":675,"url":"https:\/\/robin-husband.com\/wp-content\/uploads\/2025\/07\/ecran_site.jpg","type":"image\/jpeg"}],"twitter_card":"summary_large_image","twitter_misc":{"Estimated reading time":"1 minute"},"schema":{"@context":"https:\/\/schema.org","@graph":[{"@type":"WebPage","@id":"https:\/\/robin-husband.com\/mentions-legales\/","url":"https:\/\/robin-husband.com\/mentions-legales\/","name":"Mentions l\u00e9gales - Robin Husband","isPartOf":{"@id":"https:\/\/robin-husband.com\/#website"},"datePublished":"2025-03-20T11:09:06+00:00","dateModified":"2025-07-29T09:05:25+00:00","breadcrumb":{"@id":"https:\/\/robin-husband.com\/mentions-legales\/#breadcrumb"},"inLanguage":"en-GB","potentialAction":[{"@type":"ReadAction","target":["https:\/\/robin-husband.com\/mentions-legales\/"]}]},{"@type":"BreadcrumbList","@id":"https:\/\/robin-husband.com\/mentions-legales\/#breadcrumb","itemListElement":[{"@type":"ListItem","position":1,"name":"Accueil","item":"https:\/\/robin-husband.com\/"},{"@type":"ListItem","position":2,"name":"Mentions l\u00e9gales"}]},{"@type":"WebSite","@id":"https:\/\/robin-husband.com\/#website","url":"https:\/\/robin-husband.com\/","name":"Robin Husband","description":"HATS + HEADDRESS + MASKS + STAGE &amp; COSTUME ACCESSORIES","publisher":{"@id":"https:\/\/robin-husband.com\/#\/schema\/person\/fafe52083000d8a1d19e7804a718571b"},"potentialAction":[{"@type":"SearchAction","target":{"@type":"EntryPoint","urlTemplate":"https:\/\/robin-husband.com\/?s={search_term_string}"},"query-input":{"@type":"PropertyValueSpecification","valueRequired":true,"valueName":"search_term_string"}}],"inLanguage":"en-GB"},{"@type":["Person","Organization"],"@id":"https:\/\/robin-husband.com\/#\/schema\/person\/fafe52083000d8a1d19e7804a718571b","name":"Robin Husband","image":{"@type":"ImageObject","inLanguage":"en-GB","@id":"https:\/\/robin-husband.com\/#\/schema\/person\/image\/","url":"https:\/\/robin-husband.com\/wp-content\/uploads\/2025\/03\/logo5_ok.png","contentUrl":"https:\/\/robin-husband.com\/wp-content\/uploads\/2025\/03\/logo5_ok.png","width":500,"height":245,"caption":"Robin Husband"},"logo":{"@id":"https:\/\/robin-husband.com\/#\/schema\/person\/image\/"},"sameAs":["https:\/\/robin-husband.com"]}]}},"_links":{"self":[{"href":"https:\/\/robin-husband.com\/en\/wp-json\/wp\/v2\/pages\/107","targetHints":{"allow":["GET"]}}],"collection":[{"href":"https:\/\/robin-husband.com\/en\/wp-json\/wp\/v2\/pages"}],"about":[{"href":"https:\/\/robin-husband.com\/en\/wp-json\/wp\/v2\/types\/page"}],"author":[{"embeddable":true,"href":"https:\/\/robin-husband.com\/en\/wp-json\/wp\/v2\/users\/1"}],"replies":[{"embeddable":true,"href":"https:\/\/robin-husband.com\/en\/wp-json\/wp\/v2\/comments?post=107"}],"version-history":[{"count":10,"href":"https:\/\/robin-husband.com\/en\/wp-json\/wp\/v2\/pages\/107\/revisions"}],"predecessor-version":[{"id":1740,"href":"https:\/\/robin-husband.com\/en\/wp-json\/wp\/v2\/pages\/107\/revisions\/1740"}],"wp:attachment":[{"href":"https:\/\/robin-husband.com\/en\/wp-json\/wp\/v2\/media?parent=107"}],"curies":[{"name":"wp","href":"https:\/\/api.w.org\/{rel}","templated":true}]}}